{"id":378,"date":"2021-12-02T07:14:23","date_gmt":"2021-12-02T07:14:23","guid":{"rendered":"https:\/\/generaldeseguros.mx\/auragro_tech\/?page_id=378"},"modified":"2023-09-14T20:43:13","modified_gmt":"2023-09-14T20:43:13","slug":"georeferrencias","status":"publish","type":"page","link":"https:\/\/generaldeseguros.mx\/auragro_tech\/georeferrencias\/","title":{"rendered":"Georeferrencias"},"content":{"rendered":"\t\t<div data-elementor-type=\"wp-page\" data-elementor-id=\"378\" class=\"elementor elementor-378\">\n\t\t\t\t\t\t<section class=\"elementor-section elementor-top-section elementor-element elementor-element-2009460 elementor-section-boxed elementor-section-height-default elementor-section-height-default\" data-id=\"2009460\" data-element_type=\"section\">\n\t\t\t\t\t\t<div class=\"elementor-container elementor-column-gap-default\">\n\t\t\t\t\t<div class=\"elementor-column elementor-col-50 elementor-top-column elementor-element elementor-element-d69ce9b\" data-id=\"d69ce9b\" data-element_type=\"column\">\n\t\t\t<div class=\"elementor-widget-wrap elementor-element-populated\">\n\t\t\t\t\t\t<div class=\"elementor-element elementor-element-f9b1031 elementor-widget elementor-widget-image\" data-id=\"f9b1031\" data-element_type=\"widget\" data-widget_type=\"image.default\">\n\t\t\t\t<div class=\"elementor-widget-container\">\n\t\t\t\t\t\t\t\t\t\t\t\t\t\t\t<img fetchpriority=\"high\" decoding=\"async\" width=\"800\" height=\"800\" src=\"https:\/\/generaldeseguros.mx\/auragro_tech\/wp-content\/uploads\/2021\/12\/Georreferencias-Slider-1024x1024.png\" class=\"attachment-large size-large wp-image-702\" alt=\"\" srcset=\"https:\/\/generaldeseguros.mx\/auragro_tech\/wp-content\/uploads\/2021\/12\/Georreferencias-Slider-1024x1024.png 1024w, https:\/\/generaldeseguros.mx\/auragro_tech\/wp-content\/uploads\/2021\/12\/Georreferencias-Slider-300x300.png 300w, https:\/\/generaldeseguros.mx\/auragro_tech\/wp-content\/uploads\/2021\/12\/Georreferencias-Slider-150x150.png 150w, https:\/\/generaldeseguros.mx\/auragro_tech\/wp-content\/uploads\/2021\/12\/Georreferencias-Slider-768x769.png 768w, https:\/\/generaldeseguros.mx\/auragro_tech\/wp-content\/uploads\/2021\/12\/Georreferencias-Slider.png 1333w\" sizes=\"(max-width: 800px) 100vw, 800px\" \/>\t\t\t\t\t\t\t\t\t\t\t\t\t\t\t<\/div>\n\t\t\t\t<\/div>\n\t\t\t\t\t<\/div>\n\t\t<\/div>\n\t\t\t\t<div class=\"elementor-column elementor-col-50 elementor-top-column elementor-element elementor-element-a0784ea\" data-id=\"a0784ea\" data-element_type=\"column\">\n\t\t\t<div class=\"elementor-widget-wrap elementor-element-populated\">\n\t\t\t\t\t\t<section class=\"elementor-section elementor-inner-section elementor-element elementor-element-3906c94 elementor-section-boxed elementor-section-height-default elementor-section-height-default\" data-id=\"3906c94\" data-element_type=\"section\">\n\t\t\t\t\t\t<div class=\"elementor-container elementor-column-gap-default\">\n\t\t\t\t\t<div class=\"elementor-column elementor-col-50 elementor-inner-column elementor-element elementor-element-9e8ecca\" data-id=\"9e8ecca\" data-element_type=\"column\">\n\t\t\t<div class=\"elementor-widget-wrap elementor-element-populated\">\n\t\t\t\t\t\t<div class=\"elementor-element elementor-element-69922b4 elementor-widget elementor-widget-image\" data-id=\"69922b4\" data-element_type=\"widget\" data-widget_type=\"image.default\">\n\t\t\t\t<div class=\"elementor-widget-container\">\n\t\t\t\t\t\t\t\t\t\t\t\t\t\t\t<img decoding=\"async\" width=\"100\" height=\"100\" src=\"https:\/\/generaldeseguros.mx\/auragro_tech\/wp-content\/uploads\/2021\/12\/Georreferencias-Icon-image.png\" class=\"attachment-large size-large wp-image-706\" alt=\"\" \/>\t\t\t\t\t\t\t\t\t\t\t\t\t\t\t<\/div>\n\t\t\t\t<\/div>\n\t\t\t\t\t<\/div>\n\t\t<\/div>\n\t\t\t\t<div class=\"elementor-column elementor-col-50 elementor-inner-column elementor-element elementor-element-55dad9e\" data-id=\"55dad9e\" data-element_type=\"column\">\n\t\t\t<div class=\"elementor-widget-wrap elementor-element-populated\">\n\t\t\t\t\t\t<div class=\"elementor-element elementor-element-0f579a6 elementor-widget elementor-widget-heading\" data-id=\"0f579a6\" data-element_type=\"widget\" data-widget_type=\"heading.default\">\n\t\t\t\t<div class=\"elementor-widget-container\">\n\t\t\t\t\t<h2 class=\"elementor-heading-title elementor-size-default\">Georreferencias<\/h2>\t\t\t\t<\/div>\n\t\t\t\t<\/div>\n\t\t\t\t\t<\/div>\n\t\t<\/div>\n\t\t\t\t\t<\/div>\n\t\t<\/section>\n\t\t\t\t<div class=\"elementor-element elementor-element-86ccdbc elementor-widget-divider--view-line elementor-widget elementor-widget-divider\" data-id=\"86ccdbc\" data-element_type=\"widget\" data-widget_type=\"divider.default\">\n\t\t\t\t<div class=\"elementor-widget-container\">\n\t\t\t\t\t\t\t<div class=\"elementor-divider\">\n\t\t\t<span class=\"elementor-divider-separator\">\n\t\t\t\t\t\t<\/span>\n\t\t<\/div>\n\t\t\t\t\t\t<\/div>\n\t\t\t\t<\/div>\n\t\t\t\t<div class=\"elementor-element elementor-element-4fa854d elementor-widget elementor-widget-text-editor\" data-id=\"4fa854d\" data-element_type=\"widget\" data-widget_type=\"text-editor.default\">\n\t\t\t\t<div class=\"elementor-widget-container\">\n\t\t\t\t\t\t\t\t\t<p>Nuestra funcionalidad de Georreferencia nos ayuda a obtener pol\u00edgonos con una precisi\u00f3n horizontal de \u00b1 1.5m, que cumplen con los est\u00e1ndares establecidos por FIRA para el georeferenciamiento de los predios.<\/p><p>Se obtendr\u00e1n en los formatos m\u00e1s populares (shapefile, kml) y las coordenadas asociadas.<\/p>\t\t\t\t\t\t\t\t<\/div>\n\t\t\t\t<\/div>\n\t\t\t\t<div class=\"elementor-element elementor-element-b313874 elementor-widget elementor-widget-text-editor\" data-id=\"b313874\" data-element_type=\"widget\" data-widget_type=\"text-editor.default\">\n\t\t\t\t<div class=\"elementor-widget-container\">\n\t\t\t\t\t\t\t\t\t<p><!--StartFragment --><span class=\"cf0\">\u00bfTienes una pregunta? Comp\u00e1rtenos tus datos y la consulta y te contactamos.<\/span><!--EndFragment --><\/p>\t\t\t\t\t\t\t\t<\/div>\n\t\t\t\t<\/div>\n\t\t\t\t<div class=\"elementor-element elementor-element-dea4444 elementor-button-align-start elementor-mobile-button-align-center elementor-widget elementor-widget-form\" data-id=\"dea4444\" data-element_type=\"widget\" data-settings=\"{&quot;button_width&quot;:&quot;50&quot;,&quot;step_next_label&quot;:&quot;Next&quot;,&quot;step_previous_label&quot;:&quot;Previous&quot;,&quot;step_type&quot;:&quot;number_text&quot;,&quot;step_icon_shape&quot;:&quot;circle&quot;}\" data-widget_type=\"form.default\">\n\t\t\t\t<div class=\"elementor-widget-container\">\n\t\t\t\t\t\t\t<form class=\"elementor-form\" method=\"post\" name=\"New Form\">\n\t\t\t<input type=\"hidden\" name=\"post_id\" value=\"378\"\/>\n\t\t\t<input type=\"hidden\" name=\"form_id\" value=\"dea4444\"\/>\n\n\t\t\t\n\t\t\t<div class=\"elementor-form-fields-wrapper elementor-labels-\">\n\t\t\t\t\t\t\t\t<div class=\"elementor-field-type-text elementor-field-group elementor-column elementor-field-group-name elementor-col-50 elementor-field-required\">\n\t\t\t\t\t<input size=\"1\" type=\"text\" name=\"form_fields[name]\" id=\"form-field-name\" class=\"elementor-field elementor-size-sm  elementor-field-textual\" required=\"required\" aria-required=\"true\">\t\t\t\t<\/div>\n\t\t\t\t\t\t\t\t<div class=\"elementor-field-group elementor-column elementor-field-type-submit elementor-col-50 e-form__buttons\">\n\t\t\t\t\t<button type=\"submit\" class=\"elementor-button elementor-size-sm\">\n\t\t\t\t\t\t<span >\n\t\t\t\t\t\t\t\t\t\t\t\t\t\t\t<span class=\" elementor-button-icon\">\n\t\t\t\t\t\t\t\t\t\t\t\t\t\t\t\t\t\t\t\t\t\t\t\t\t\t<\/span>\n\t\t\t\t\t\t\t\t\t\t\t\t\t\t\t\t\t\t\t\t\t\t<span class=\"elementor-button-text\">ENVIAR<\/span>\n\t\t\t\t\t\t\t\t\t\t\t\t\t<\/span>\n\t\t\t\t\t<\/button>\n\t\t\t\t<\/div>\n\t\t\t<\/div>\n\t\t<\/form>\n\t\t\t\t\t\t<\/div>\n\t\t\t\t<\/div>\n\t\t\t\t\t<\/div>\n\t\t<\/div>\n\t\t\t\t\t<\/div>\n\t\t<\/section>\n\t\t\t\t<\/div>\n\t\t","protected":false},"excerpt":{"rendered":"<p>Georreferencias Nuestra funcionalidad de Georreferencia nos ayuda a obtener pol\u00edgonos con una precisi\u00f3n horizontal de \u00b1 1.5m, que cumplen con los est\u00e1ndares establecidos por FIRA para el georeferenciamiento de los predios. Se obtendr\u00e1n en los formatos m\u00e1s populares (shapefile, kml) y las coordenadas asociadas. \u00bfTienes una pregunta? Comp\u00e1rtenos tus datos y la consulta y te [&hellip;]<\/p>\n","protected":false},"author":1,"featured_media":0,"parent":0,"menu_order":0,"comment_status":"closed","ping_status":"closed","template":"elementor_header_footer","meta":{"nf_dc_page":"","footnotes":""},"class_list":["post-378","page","type-page","status-publish","hentry"],"_links":{"self":[{"href":"https:\/\/generaldeseguros.mx\/auragro_tech\/wp-json\/wp\/v2\/pages\/378","targetHints":{"allow":["GET"]}}],"collection":[{"href":"https:\/\/generaldeseguros.mx\/auragro_tech\/wp-json\/wp\/v2\/pages"}],"about":[{"href":"https:\/\/generaldeseguros.mx\/auragro_tech\/wp-json\/wp\/v2\/types\/page"}],"author":[{"embeddable":true,"href":"https:\/\/generaldeseguros.mx\/auragro_tech\/wp-json\/wp\/v2\/users\/1"}],"replies":[{"embeddable":true,"href":"https:\/\/generaldeseguros.mx\/auragro_tech\/wp-json\/wp\/v2\/comments?post=378"}],"version-history":[{"count":5,"href":"https:\/\/generaldeseguros.mx\/auragro_tech\/wp-json\/wp\/v2\/pages\/378\/revisions"}],"predecessor-version":[{"id":1122,"href":"https:\/\/generaldeseguros.mx\/auragro_tech\/wp-json\/wp\/v2\/pages\/378\/revisions\/1122"}],"wp:attachment":[{"href":"https:\/\/generaldeseguros.mx\/auragro_tech\/wp-json\/wp\/v2\/media?parent=378"}],"curies":[{"name":"wp","href":"https:\/\/api.w.org\/{rel}","templated":true}]}}