{"id":456,"date":"2021-12-02T10:08:26","date_gmt":"2021-12-02T10:08:26","guid":{"rendered":"https:\/\/generaldeseguros.mx\/auragro_tech\/?page_id=456"},"modified":"2023-08-01T16:39:18","modified_gmt":"2023-08-01T16:39:18","slug":"monitoreo-actual","status":"publish","type":"page","link":"https:\/\/generaldeseguros.mx\/auragro_tech\/monitoreo-actual\/","title":{"rendered":"Monitoreo Actual"},"content":{"rendered":"\t\t<div data-elementor-type=\"wp-page\" data-elementor-id=\"456\" class=\"elementor elementor-456\">\n\t\t\t\t\t\t<section class=\"elementor-section elementor-top-section elementor-element elementor-element-cc353eb elementor-section-boxed elementor-section-height-default elementor-section-height-default\" data-id=\"cc353eb\" data-element_type=\"section\">\n\t\t\t\t\t\t<div class=\"elementor-container elementor-column-gap-default\">\n\t\t\t\t\t<div class=\"elementor-column elementor-col-50 elementor-top-column elementor-element elementor-element-7cb93d0\" data-id=\"7cb93d0\" data-element_type=\"column\">\n\t\t\t<div class=\"elementor-widget-wrap elementor-element-populated\">\n\t\t\t\t\t\t<div class=\"elementor-element elementor-element-cffd8cf elementor-widget elementor-widget-image\" data-id=\"cffd8cf\" data-element_type=\"widget\" data-widget_type=\"image.default\">\n\t\t\t\t<div class=\"elementor-widget-container\">\n\t\t\t\t\t\t\t\t\t\t\t\t\t\t\t<img fetchpriority=\"high\" decoding=\"async\" width=\"800\" height=\"800\" src=\"https:\/\/generaldeseguros.mx\/auragro_tech\/wp-content\/uploads\/2021\/12\/Monitoreo-actual-2nd-page-image-1024x1024.png\" class=\"attachment-large size-large wp-image-791\" alt=\"\" srcset=\"https:\/\/generaldeseguros.mx\/auragro_tech\/wp-content\/uploads\/2021\/12\/Monitoreo-actual-2nd-page-image-1024x1024.png 1024w, https:\/\/generaldeseguros.mx\/auragro_tech\/wp-content\/uploads\/2021\/12\/Monitoreo-actual-2nd-page-image-300x300.png 300w, https:\/\/generaldeseguros.mx\/auragro_tech\/wp-content\/uploads\/2021\/12\/Monitoreo-actual-2nd-page-image-150x150.png 150w, https:\/\/generaldeseguros.mx\/auragro_tech\/wp-content\/uploads\/2021\/12\/Monitoreo-actual-2nd-page-image-768x768.png 768w, https:\/\/generaldeseguros.mx\/auragro_tech\/wp-content\/uploads\/2021\/12\/Monitoreo-actual-2nd-page-image-1536x1536.png 1536w, https:\/\/generaldeseguros.mx\/auragro_tech\/wp-content\/uploads\/2021\/12\/Monitoreo-actual-2nd-page-image-2048x2048.png 2048w\" sizes=\"(max-width: 800px) 100vw, 800px\" \/>\t\t\t\t\t\t\t\t\t\t\t\t\t\t\t<\/div>\n\t\t\t\t<\/div>\n\t\t\t\t\t<\/div>\n\t\t<\/div>\n\t\t\t\t<div class=\"elementor-column elementor-col-50 elementor-top-column elementor-element elementor-element-9d5ad05\" data-id=\"9d5ad05\" data-element_type=\"column\">\n\t\t\t<div class=\"elementor-widget-wrap elementor-element-populated\">\n\t\t\t\t\t\t<section class=\"elementor-section elementor-inner-section elementor-element elementor-element-e847f57 elementor-section-boxed elementor-section-height-default elementor-section-height-default\" data-id=\"e847f57\" data-element_type=\"section\">\n\t\t\t\t\t\t<div class=\"elementor-container elementor-column-gap-default\">\n\t\t\t\t\t<div class=\"elementor-column elementor-col-50 elementor-inner-column elementor-element elementor-element-0e533ef\" data-id=\"0e533ef\" data-element_type=\"column\">\n\t\t\t<div class=\"elementor-widget-wrap elementor-element-populated\">\n\t\t\t\t\t\t<div class=\"elementor-element elementor-element-fa885c3 elementor-widget elementor-widget-image\" data-id=\"fa885c3\" data-element_type=\"widget\" data-widget_type=\"image.default\">\n\t\t\t\t<div class=\"elementor-widget-container\">\n\t\t\t\t\t\t\t\t\t\t\t\t\t\t\t<img decoding=\"async\" width=\"90\" height=\"90\" src=\"https:\/\/generaldeseguros.mx\/auragro_tech\/wp-content\/uploads\/2021\/12\/Icon-3.png\" class=\"attachment-large size-large wp-image-318\" alt=\"\" \/>\t\t\t\t\t\t\t\t\t\t\t\t\t\t\t<\/div>\n\t\t\t\t<\/div>\n\t\t\t\t\t<\/div>\n\t\t<\/div>\n\t\t\t\t<div class=\"elementor-column elementor-col-50 elementor-inner-column elementor-element elementor-element-045eb1e\" data-id=\"045eb1e\" data-element_type=\"column\">\n\t\t\t<div class=\"elementor-widget-wrap elementor-element-populated\">\n\t\t\t\t\t\t<div class=\"elementor-element elementor-element-136ba5d elementor-widget elementor-widget-heading\" data-id=\"136ba5d\" data-element_type=\"widget\" data-widget_type=\"heading.default\">\n\t\t\t\t<div class=\"elementor-widget-container\">\n\t\t\t\t\t<h2 class=\"elementor-heading-title elementor-size-default\">Monitoreo actual<\/h2>\t\t\t\t<\/div>\n\t\t\t\t<\/div>\n\t\t\t\t<div class=\"elementor-element elementor-element-165b1c0 elementor-widget elementor-widget-text-editor\" data-id=\"165b1c0\" data-element_type=\"widget\" data-widget_type=\"text-editor.default\">\n\t\t\t\t<div class=\"elementor-widget-container\">\n\t\t\t\t\t\t\t\t\t<p>Damos seguimiento puntual al desarrollo de tu cultivo<\/p>\t\t\t\t\t\t\t\t<\/div>\n\t\t\t\t<\/div>\n\t\t\t\t\t<\/div>\n\t\t<\/div>\n\t\t\t\t\t<\/div>\n\t\t<\/section>\n\t\t\t\t<div class=\"elementor-element elementor-element-8d7d7d1 elementor-widget-divider--view-line elementor-widget elementor-widget-divider\" data-id=\"8d7d7d1\" data-element_type=\"widget\" data-widget_type=\"divider.default\">\n\t\t\t\t<div class=\"elementor-widget-container\">\n\t\t\t\t\t\t\t<div class=\"elementor-divider\">\n\t\t\t<span class=\"elementor-divider-separator\">\n\t\t\t\t\t\t<\/span>\n\t\t<\/div>\n\t\t\t\t\t\t<\/div>\n\t\t\t\t<\/div>\n\t\t\t\t<div class=\"elementor-element elementor-element-a3ff2e7 elementor-widget elementor-widget-text-editor\" data-id=\"a3ff2e7\" data-element_type=\"widget\" data-widget_type=\"text-editor.default\">\n\t\t\t\t<div class=\"elementor-widget-container\">\n\t\t\t\t\t\t\t\t\t<p><span class=\"fontstyle0\">Utilizamos la informaci\u00f3n generada por una constelaci\u00f3n de sat\u00e9lites confiable, cada semana, si la ausencia de nubes lo permite, generamos una medici\u00f3n del valor del desempe\u00f1o promedio de tu cultivo y generamos estad\u00edsticas relevantes apoyados en inteligencia artificial.<\/span><\/p><p><span style=\"color: var( --e-global-color-text );\">Nuestro Centro de Control y Monitoreo General\u00a0trabaja todos los dias recopilando informaci\u00f3n y accionando tareas en tu beneficio, derivando a nuestro t\u00e9cnicos de<\/span><\/p><p><span class=\"fontstyle0\">campo de manera \u00e1gil y eficiente, mejorando nuestra capacidad de respuesta.<\/span><\/p><p><span style=\"color: var( --e-global-color-text );\">Porque estamos contigo tu esfuerzo diario, y te acompa\u00f1amos en el camino.<\/span><\/p>\t\t\t\t\t\t\t\t<\/div>\n\t\t\t\t<\/div>\n\t\t\t\t<div class=\"elementor-element elementor-element-90cea77 elementor-widget elementor-widget-text-editor\" data-id=\"90cea77\" data-element_type=\"widget\" data-widget_type=\"text-editor.default\">\n\t\t\t\t<div class=\"elementor-widget-container\">\n\t\t\t\t\t\t\t\t\t<p>\u00bfTienes una pregunta?<\/p>\t\t\t\t\t\t\t\t<\/div>\n\t\t\t\t<\/div>\n\t\t\t\t<div class=\"elementor-element elementor-element-f5fec98 elementor-button-align-start elementor-mobile-button-align-center elementor-widget elementor-widget-form\" data-id=\"f5fec98\" data-element_type=\"widget\" data-settings=\"{&quot;button_width&quot;:&quot;50&quot;,&quot;step_next_label&quot;:&quot;Next&quot;,&quot;step_previous_label&quot;:&quot;Previous&quot;,&quot;step_type&quot;:&quot;number_text&quot;,&quot;step_icon_shape&quot;:&quot;circle&quot;}\" data-widget_type=\"form.default\">\n\t\t\t\t<div class=\"elementor-widget-container\">\n\t\t\t\t\t\t\t<form class=\"elementor-form\" method=\"post\" name=\"New Form\">\n\t\t\t<input type=\"hidden\" name=\"post_id\" value=\"456\"\/>\n\t\t\t<input type=\"hidden\" name=\"form_id\" value=\"f5fec98\"\/>\n\n\t\t\t\n\t\t\t<div class=\"elementor-form-fields-wrapper elementor-labels-\">\n\t\t\t\t\t\t\t\t<div class=\"elementor-field-type-text elementor-field-group elementor-column elementor-field-group-name elementor-col-50 elementor-field-required\">\n\t\t\t\t\t<input size=\"1\" type=\"text\" name=\"form_fields[name]\" id=\"form-field-name\" class=\"elementor-field elementor-size-sm  elementor-field-textual\" required=\"required\" aria-required=\"true\">\t\t\t\t<\/div>\n\t\t\t\t\t\t\t\t<div class=\"elementor-field-group elementor-column elementor-field-type-submit elementor-col-50 e-form__buttons\">\n\t\t\t\t\t<button type=\"submit\" class=\"elementor-button elementor-size-sm\">\n\t\t\t\t\t\t<span >\n\t\t\t\t\t\t\t\t\t\t\t\t\t\t\t<span class=\" elementor-button-icon\">\n\t\t\t\t\t\t\t\t\t\t\t\t\t\t\t\t\t\t\t\t\t\t\t\t\t\t<\/span>\n\t\t\t\t\t\t\t\t\t\t\t\t\t\t\t\t\t\t\t\t\t\t<span class=\"elementor-button-text\">ENVIAR<\/span>\n\t\t\t\t\t\t\t\t\t\t\t\t\t<\/span>\n\t\t\t\t\t<\/button>\n\t\t\t\t<\/div>\n\t\t\t<\/div>\n\t\t<\/form>\n\t\t\t\t\t\t<\/div>\n\t\t\t\t<\/div>\n\t\t\t\t\t<\/div>\n\t\t<\/div>\n\t\t\t\t\t<\/div>\n\t\t<\/section>\n\t\t\t\t<\/div>\n\t\t","protected":false},"excerpt":{"rendered":"<p>Monitoreo actual Damos seguimiento puntual al desarrollo de tu cultivo Utilizamos la informaci\u00f3n generada por una constelaci\u00f3n de sat\u00e9lites confiable, cada semana, si la ausencia de nubes lo permite, generamos una medici\u00f3n del valor del desempe\u00f1o promedio de tu cultivo y generamos estad\u00edsticas relevantes apoyados en inteligencia artificial. Nuestro Centro de Control y Monitoreo General\u00a0trabaja [&hellip;]<\/p>\n","protected":false},"author":1,"featured_media":0,"parent":0,"menu_order":0,"comment_status":"closed","ping_status":"closed","template":"elementor_header_footer","meta":{"nf_dc_page":"","footnotes":""},"class_list":["post-456","page","type-page","status-publish","hentry"],"_links":{"self":[{"href":"https:\/\/generaldeseguros.mx\/auragro_tech\/wp-json\/wp\/v2\/pages\/456","targetHints":{"allow":["GET"]}}],"collection":[{"href":"https:\/\/generaldeseguros.mx\/auragro_tech\/wp-json\/wp\/v2\/pages"}],"about":[{"href":"https:\/\/generaldeseguros.mx\/auragro_tech\/wp-json\/wp\/v2\/types\/page"}],"author":[{"embeddable":true,"href":"https:\/\/generaldeseguros.mx\/auragro_tech\/wp-json\/wp\/v2\/users\/1"}],"replies":[{"embeddable":true,"href":"https:\/\/generaldeseguros.mx\/auragro_tech\/wp-json\/wp\/v2\/comments?post=456"}],"version-history":[{"count":5,"href":"https:\/\/generaldeseguros.mx\/auragro_tech\/wp-json\/wp\/v2\/pages\/456\/revisions"}],"predecessor-version":[{"id":1093,"href":"https:\/\/generaldeseguros.mx\/auragro_tech\/wp-json\/wp\/v2\/pages\/456\/revisions\/1093"}],"wp:attachment":[{"href":"https:\/\/generaldeseguros.mx\/auragro_tech\/wp-json\/wp\/v2\/media?parent=456"}],"curies":[{"name":"wp","href":"https:\/\/api.w.org\/{rel}","templated":true}]}}