{"id":776,"date":"2021-12-04T17:24:57","date_gmt":"2021-12-04T17:24:57","guid":{"rendered":"https:\/\/generaldeseguros.mx\/auragro_tech\/?page_id=776"},"modified":"2023-08-01T16:39:45","modified_gmt":"2023-08-01T16:39:45","slug":"analisis-historico","status":"publish","type":"page","link":"https:\/\/generaldeseguros.mx\/auragro_tech\/analisis-historico\/","title":{"rendered":"An\u00e1lisis Hist\u00f3rico"},"content":{"rendered":"\t\t<div data-elementor-type=\"wp-page\" data-elementor-id=\"776\" class=\"elementor elementor-776\">\n\t\t\t\t\t\t<section class=\"elementor-section elementor-top-section elementor-element elementor-element-ddffd75 elementor-section-boxed elementor-section-height-default elementor-section-height-default\" data-id=\"ddffd75\" data-element_type=\"section\">\n\t\t\t\t\t\t<div class=\"elementor-container elementor-column-gap-default\">\n\t\t\t\t\t<div class=\"elementor-column elementor-col-50 elementor-top-column elementor-element elementor-element-3c4e311\" data-id=\"3c4e311\" data-element_type=\"column\">\n\t\t\t<div class=\"elementor-widget-wrap elementor-element-populated\">\n\t\t\t\t\t\t<div class=\"elementor-element elementor-element-ef419c1 elementor-widget elementor-widget-image\" data-id=\"ef419c1\" data-element_type=\"widget\" data-widget_type=\"image.default\">\n\t\t\t\t<div class=\"elementor-widget-container\">\n\t\t\t\t\t\t\t\t\t\t\t\t\t\t\t<img fetchpriority=\"high\" decoding=\"async\" width=\"800\" height=\"800\" src=\"https:\/\/generaldeseguros.mx\/auragro_tech\/wp-content\/uploads\/2021\/12\/analalissis-image-4th-page-1024x1024.png\" class=\"attachment-large size-large wp-image-795\" alt=\"\" srcset=\"https:\/\/generaldeseguros.mx\/auragro_tech\/wp-content\/uploads\/2021\/12\/analalissis-image-4th-page-1024x1024.png 1024w, https:\/\/generaldeseguros.mx\/auragro_tech\/wp-content\/uploads\/2021\/12\/analalissis-image-4th-page-300x300.png 300w, https:\/\/generaldeseguros.mx\/auragro_tech\/wp-content\/uploads\/2021\/12\/analalissis-image-4th-page-150x150.png 150w, https:\/\/generaldeseguros.mx\/auragro_tech\/wp-content\/uploads\/2021\/12\/analalissis-image-4th-page-768x768.png 768w, https:\/\/generaldeseguros.mx\/auragro_tech\/wp-content\/uploads\/2021\/12\/analalissis-image-4th-page-1536x1536.png 1536w, https:\/\/generaldeseguros.mx\/auragro_tech\/wp-content\/uploads\/2021\/12\/analalissis-image-4th-page-2048x2048.png 2048w\" sizes=\"(max-width: 800px) 100vw, 800px\" \/>\t\t\t\t\t\t\t\t\t\t\t\t\t\t\t<\/div>\n\t\t\t\t<\/div>\n\t\t\t\t\t<\/div>\n\t\t<\/div>\n\t\t\t\t<div class=\"elementor-column elementor-col-50 elementor-top-column elementor-element elementor-element-26f2bbe\" data-id=\"26f2bbe\" data-element_type=\"column\">\n\t\t\t<div class=\"elementor-widget-wrap elementor-element-populated\">\n\t\t\t\t\t\t<section class=\"elementor-section elementor-inner-section elementor-element elementor-element-c8e7280 elementor-section-boxed elementor-section-height-default elementor-section-height-default\" data-id=\"c8e7280\" data-element_type=\"section\">\n\t\t\t\t\t\t<div class=\"elementor-container elementor-column-gap-default\">\n\t\t\t\t\t<div class=\"elementor-column elementor-col-50 elementor-inner-column elementor-element elementor-element-0b22a1c\" data-id=\"0b22a1c\" data-element_type=\"column\">\n\t\t\t<div class=\"elementor-widget-wrap elementor-element-populated\">\n\t\t\t\t\t\t<div class=\"elementor-element elementor-element-cbee581 elementor-widget elementor-widget-image\" data-id=\"cbee581\" data-element_type=\"widget\" data-widget_type=\"image.default\">\n\t\t\t\t<div class=\"elementor-widget-container\">\n\t\t\t\t\t\t\t\t\t\t\t\t\t\t\t<img decoding=\"async\" width=\"129\" height=\"126\" src=\"https:\/\/generaldeseguros.mx\/auragro_tech\/wp-content\/uploads\/2021\/12\/analisis.png\" class=\"attachment-large size-large wp-image-778\" alt=\"\" \/>\t\t\t\t\t\t\t\t\t\t\t\t\t\t\t<\/div>\n\t\t\t\t<\/div>\n\t\t\t\t\t<\/div>\n\t\t<\/div>\n\t\t\t\t<div class=\"elementor-column elementor-col-50 elementor-inner-column elementor-element elementor-element-c6f4840\" data-id=\"c6f4840\" data-element_type=\"column\">\n\t\t\t<div class=\"elementor-widget-wrap elementor-element-populated\">\n\t\t\t\t\t\t<div class=\"elementor-element elementor-element-de6a8fa elementor-widget elementor-widget-heading\" data-id=\"de6a8fa\" data-element_type=\"widget\" data-widget_type=\"heading.default\">\n\t\t\t\t<div class=\"elementor-widget-container\">\n\t\t\t\t\t<h2 class=\"elementor-heading-title elementor-size-default\">An\u00e1lisis Hist\u00f3rico<\/h2>\t\t\t\t<\/div>\n\t\t\t\t<\/div>\n\t\t\t\t<div class=\"elementor-element elementor-element-08bb2a2 elementor-widget elementor-widget-text-editor\" data-id=\"08bb2a2\" data-element_type=\"widget\" data-widget_type=\"text-editor.default\">\n\t\t\t\t<div class=\"elementor-widget-container\">\n\t\t\t\t\t\t\t\t\t<p>Nos preparamos para atenderte mejor<\/p>\t\t\t\t\t\t\t\t<\/div>\n\t\t\t\t<\/div>\n\t\t\t\t\t<\/div>\n\t\t<\/div>\n\t\t\t\t\t<\/div>\n\t\t<\/section>\n\t\t\t\t<div class=\"elementor-element elementor-element-f4a7684 elementor-widget-divider--view-line elementor-widget elementor-widget-divider\" data-id=\"f4a7684\" data-element_type=\"widget\" data-widget_type=\"divider.default\">\n\t\t\t\t<div class=\"elementor-widget-container\">\n\t\t\t\t\t\t\t<div class=\"elementor-divider\">\n\t\t\t<span class=\"elementor-divider-separator\">\n\t\t\t\t\t\t<\/span>\n\t\t<\/div>\n\t\t\t\t\t\t<\/div>\n\t\t\t\t<\/div>\n\t\t\t\t<div class=\"elementor-element elementor-element-0ce08fe elementor-widget elementor-widget-text-editor\" data-id=\"0ce08fe\" data-element_type=\"widget\" data-widget_type=\"text-editor.default\">\n\t\t\t\t<div class=\"elementor-widget-container\">\n\t\t\t\t\t\t\t\t\t<p><span class=\"fontstyle0\">Generamos estad\u00edstica de mediciones hist\u00f3ricas por predio,<br \/>calculando par\u00e1metros relevantes por ciclo de cultivo. Esto nos<br \/>permite conocer y compartir con nuestros clientes los hallazgos<br \/>para elaborar estrategias de gesti\u00f3n adecuada de riesgos.<\/span><\/p><p><span class=\"fontstyle0\"><br \/>En caso de requerirse, te apoyamos en reconstruir la historia de<br \/>los predios de tu inter\u00e9s, como una m\u00e1quina del tiempo que viaja<br \/>al pasado y nos muestra a detalle la evoluci\u00f3n de cada ciclo de<br \/>cultivo, de los \u00faltimos tres a\u00f1os.<\/span><\/p>\t\t\t\t\t\t\t\t<\/div>\n\t\t\t\t<\/div>\n\t\t\t\t<div class=\"elementor-element elementor-element-f7e27e1 elementor-widget elementor-widget-text-editor\" data-id=\"f7e27e1\" data-element_type=\"widget\" data-widget_type=\"text-editor.default\">\n\t\t\t\t<div class=\"elementor-widget-container\">\n\t\t\t\t\t\t\t\t\t<p>\u00bfTienes una pregunta?<\/p>\t\t\t\t\t\t\t\t<\/div>\n\t\t\t\t<\/div>\n\t\t\t\t<div class=\"elementor-element elementor-element-6c13852 elementor-button-align-start elementor-mobile-button-align-center elementor-widget elementor-widget-form\" data-id=\"6c13852\" data-element_type=\"widget\" data-settings=\"{&quot;button_width&quot;:&quot;50&quot;,&quot;step_next_label&quot;:&quot;Next&quot;,&quot;step_previous_label&quot;:&quot;Previous&quot;,&quot;step_type&quot;:&quot;number_text&quot;,&quot;step_icon_shape&quot;:&quot;circle&quot;}\" data-widget_type=\"form.default\">\n\t\t\t\t<div class=\"elementor-widget-container\">\n\t\t\t\t\t\t\t<form class=\"elementor-form\" method=\"post\" name=\"New Form\">\n\t\t\t<input type=\"hidden\" name=\"post_id\" value=\"776\"\/>\n\t\t\t<input type=\"hidden\" name=\"form_id\" value=\"6c13852\"\/>\n\n\t\t\t\n\t\t\t<div class=\"elementor-form-fields-wrapper elementor-labels-\">\n\t\t\t\t\t\t\t\t<div class=\"elementor-field-type-text elementor-field-group elementor-column elementor-field-group-name elementor-col-50 elementor-field-required\">\n\t\t\t\t\t<input size=\"1\" type=\"text\" name=\"form_fields[name]\" id=\"form-field-name\" class=\"elementor-field elementor-size-sm  elementor-field-textual\" required=\"required\" aria-required=\"true\">\t\t\t\t<\/div>\n\t\t\t\t\t\t\t\t<div class=\"elementor-field-group elementor-column elementor-field-type-submit elementor-col-50 e-form__buttons\">\n\t\t\t\t\t<button type=\"submit\" class=\"elementor-button elementor-size-sm\">\n\t\t\t\t\t\t<span >\n\t\t\t\t\t\t\t\t\t\t\t\t\t\t\t<span class=\" elementor-button-icon\">\n\t\t\t\t\t\t\t\t\t\t\t\t\t\t\t\t\t\t\t\t\t\t\t\t\t\t<\/span>\n\t\t\t\t\t\t\t\t\t\t\t\t\t\t\t\t\t\t\t\t\t\t<span class=\"elementor-button-text\">ENVIAR<\/span>\n\t\t\t\t\t\t\t\t\t\t\t\t\t<\/span>\n\t\t\t\t\t<\/button>\n\t\t\t\t<\/div>\n\t\t\t<\/div>\n\t\t<\/form>\n\t\t\t\t\t\t<\/div>\n\t\t\t\t<\/div>\n\t\t\t\t\t<\/div>\n\t\t<\/div>\n\t\t\t\t\t<\/div>\n\t\t<\/section>\n\t\t\t\t<\/div>\n\t\t","protected":false},"excerpt":{"rendered":"<p>An\u00e1lisis Hist\u00f3rico Nos preparamos para atenderte mejor Generamos estad\u00edstica de mediciones hist\u00f3ricas por predio,calculando par\u00e1metros relevantes por ciclo de cultivo. Esto nospermite conocer y compartir con nuestros clientes los hallazgospara elaborar estrategias de gesti\u00f3n adecuada de riesgos. En caso de requerirse, te apoyamos en reconstruir la historia delos predios de tu inter\u00e9s, como una m\u00e1quina [&hellip;]<\/p>\n","protected":false},"author":1,"featured_media":0,"parent":0,"menu_order":0,"comment_status":"closed","ping_status":"closed","template":"elementor_header_footer","meta":{"nf_dc_page":"","footnotes":""},"class_list":["post-776","page","type-page","status-publish","hentry"],"_links":{"self":[{"href":"https:\/\/generaldeseguros.mx\/auragro_tech\/wp-json\/wp\/v2\/pages\/776","targetHints":{"allow":["GET"]}}],"collection":[{"href":"https:\/\/generaldeseguros.mx\/auragro_tech\/wp-json\/wp\/v2\/pages"}],"about":[{"href":"https:\/\/generaldeseguros.mx\/auragro_tech\/wp-json\/wp\/v2\/types\/page"}],"author":[{"embeddable":true,"href":"https:\/\/generaldeseguros.mx\/auragro_tech\/wp-json\/wp\/v2\/users\/1"}],"replies":[{"embeddable":true,"href":"https:\/\/generaldeseguros.mx\/auragro_tech\/wp-json\/wp\/v2\/comments?post=776"}],"version-history":[{"count":5,"href":"https:\/\/generaldeseguros.mx\/auragro_tech\/wp-json\/wp\/v2\/pages\/776\/revisions"}],"predecessor-version":[{"id":1096,"href":"https:\/\/generaldeseguros.mx\/auragro_tech\/wp-json\/wp\/v2\/pages\/776\/revisions\/1096"}],"wp:attachment":[{"href":"https:\/\/generaldeseguros.mx\/auragro_tech\/wp-json\/wp\/v2\/media?parent=776"}],"curies":[{"name":"wp","href":"https:\/\/api.w.org\/{rel}","templated":true}]}}